{"id":9,"date":"2020-04-20T16:38:50","date_gmt":"2020-04-20T16:38:50","guid":{"rendered":"http:\/\/physio-logischreiten.de\/WP\/?page_id=9"},"modified":"2020-12-04T19:57:59","modified_gmt":"2020-12-04T19:57:59","slug":"ueber-uns","status":"publish","type":"page","link":"https:\/\/physio-logischreiten.de\/WP\/ueber-uns\/","title":{"rendered":"\u00dcber uns"},"content":{"rendered":"\n<p>Ich und meine Familie haben in einem ehemaligen Bauernhof die M\u00f6glichkeit gefunden unsere Pferde selbst unterzustellen und zu betreuen.<\/p>\n\n\n\n<p>Die t\u00e4gliche Betreuung unserer Lieblinge ist uns in Fleisch und Blut \u00fcbergegangen und Macht einfach auch Spass.<\/p>\n","protected":false},"excerpt":{"rendered":"<p>Ich und meine Familie haben in einem ehemaligen Bauernhof die M\u00f6glichkeit gefunden unsere Pferde selbst unterzustellen und zu betreuen. Die t\u00e4gliche Betreuung unserer Lieblinge ist uns in Fleisch und Blut \u00fcbergegangen und Macht einfach auch Spass.<\/p>\n","protected":false},"author":1,"featured_media":0,"parent":0,"menu_order":0,"comment_status":"closed","ping_status":"closed","template":"","meta":[],"_links":{"self":[{"href":"https:\/\/physio-logischreiten.de\/WP\/wp-json\/wp\/v2\/pages\/9"}],"collection":[{"href":"https:\/\/physio-logischreiten.de\/WP\/wp-json\/wp\/v2\/pages"}],"about":[{"href":"https:\/\/physio-logischreiten.de\/WP\/wp-json\/wp\/v2\/types\/page"}],"author":[{"embeddable":true,"href":"https:\/\/physio-logischreiten.de\/WP\/wp-json\/wp\/v2\/users\/1"}],"replies":[{"embeddable":true,"href":"https:\/\/physio-logischreiten.de\/WP\/wp-json\/wp\/v2\/comments?post=9"}],"version-history":[{"count":2,"href":"https:\/\/physio-logischreiten.de\/WP\/wp-json\/wp\/v2\/pages\/9\/revisions"}],"predecessor-version":[{"id":90,"href":"https:\/\/physio-logischreiten.de\/WP\/wp-json\/wp\/v2\/pages\/9\/revisions\/90"}],"wp:attachment":[{"href":"https:\/\/physio-logischreiten.de\/WP\/wp-json\/wp\/v2\/media?parent=9"}],"curies":[{"name":"wp","href":"https:\/\/api.w.org\/{rel}","templated":true}]}}